{"id":2260,"date":"2025-07-21T10:13:47","date_gmt":"2025-07-21T13:13:47","guid":{"rendered":"https:\/\/fundoprimatera.org.br\/site\/?page_id=2260"},"modified":"2025-07-21T10:18:27","modified_gmt":"2025-07-21T13:18:27","slug":"fernando-elias","status":"publish","type":"page","link":"https:\/\/fundoprimatera.org.br\/site\/fernando-elias\/","title":{"rendered":"Fernando Elias"},"content":{"rendered":"\t\t<div data-elementor-type=\"wp-post\" data-elementor-id=\"2260\" class=\"elementor elementor-2260\" data-elementor-post-type=\"page\">\n\t\t\t\t\t\t<section class=\"elementor-section elementor-inner-section elementor-element elementor-element-4b92b6be elementor-section-boxed elementor-section-height-default elementor-section-height-default\" data-id=\"4b92b6be\" data-element_type=\"section\" data-e-type=\"section\">\n\t\t\t\t\t\t<div class=\"elementor-container elementor-column-gap-no\">\n\t\t\t\t\t<div class=\"elementor-column elementor-col-100 elementor-inner-column elementor-element elementor-element-5fa8c3da elementor-invisible\" data-id=\"5fa8c3da\" data-element_type=\"column\" data-e-type=\"column\" data-settings=\"{&quot;background_background&quot;:&quot;classic&quot;,&quot;animation&quot;:&quot;fadeInUp&quot;}\">\n\t\t\t<div class=\"elementor-widget-wrap elementor-element-populated\">\n\t\t\t\t\t\t<div class=\"elementor-element elementor-element-4912bc3a elementor-widget elementor-widget-image\" data-id=\"4912bc3a\" data-element_type=\"widget\" data-e-type=\"widget\" data-widget_type=\"image.default\">\n\t\t\t\t<div class=\"elementor-widget-container\">\n\t\t\t\t\t\t\t\t\t\t\t\t\t\t\t<img decoding=\"async\" src=\"https:\/\/fundoprimatera.org.br\/site\/wp-content\/uploads\/elementor\/thumbs\/foto-pessoa-primatera-r934x3z1bfc1cv8zzusriq1996hy43nyw5l6jl2kws.png\" title=\"foto-pessoa-primatera\" alt=\"foto-pessoa-primatera\" loading=\"lazy\" \/>\t\t\t\t\t\t\t\t\t\t\t\t\t\t\t<\/div>\n\t\t\t\t<\/div>\n\t\t\t\t<div class=\"elementor-element elementor-element-1da15629 elementor-widget elementor-widget-heading\" data-id=\"1da15629\" data-element_type=\"widget\" data-e-type=\"widget\" data-widget_type=\"heading.default\">\n\t\t\t\t<div class=\"elementor-widget-container\">\n\t\t\t\t\t<h2 class=\"elementor-heading-title elementor-size-large\">Fernando Elias<\/h2>\t\t\t\t<\/div>\n\t\t\t\t<\/div>\n\t\t\t\t<div class=\"elementor-element elementor-element-6084fbe8 elementor-widget elementor-widget-heading\" data-id=\"6084fbe8\" data-element_type=\"widget\" data-e-type=\"widget\" data-widget_type=\"heading.default\">\n\t\t\t\t<div class=\"elementor-widget-container\">\n\t\t\t\t\t<h2 class=\"elementor-heading-title elementor-size-large\"><span style=\"font-weight:normal\"><p dir=\"ltr\" style=\"line-height:1.2;margin-top:0pt;margin-bottom:0pt\"><span style=\"font-weight: 600\">Coaching e Mentoring<\/span><span style=\"font-weight: 600\"><\/span><\/p><\/span><\/h2>\t\t\t\t<\/div>\n\t\t\t\t<\/div>\n\t\t\t\t<div class=\"elementor-element elementor-element-515afdff elementor-widget elementor-widget-text-editor\" data-id=\"515afdff\" data-element_type=\"widget\" data-e-type=\"widget\" data-widget_type=\"text-editor.default\">\n\t\t\t\t<div class=\"elementor-widget-container\">\n\t\t\t\t\t\t\t\t\t<p><span style=\"font-weight: 400;\">Engenheiro Florestal formado pela ESALQ\/USP, com Mestrado em Tecnologia de Celulose e Papel pela North Carolina State University (EUA), Antonio possui forma\u00e7\u00e3o executiva em Marketing pela Universidade Stanford e certifica\u00e7\u00e3o em Executive Coaching pela IMD, na Su\u00ed\u00e7a.<\/span><\/p><p><span style=\"font-weight: 400;\">Acumula mais de 30 anos de experi\u00eancia internacional no setor de celulose e bioprodutos, tendo atuado em empresas como Aracruz Celulose, Suzano, e Johnson &amp; Johnson, em cargos de lideran\u00e7a comercial e estrat\u00e9gica nos mercados europeu, americano e asi\u00e1tico.<\/span><\/p><p><span style=\"font-weight: 400;\">Foi respons\u00e1vel por opera\u00e7\u00f5es globais de vendas, planejamento e intelig\u00eancia de mercado, com destaque para a abertura de mercados e gerenciamento de escrit\u00f3rios internacionais. Nos \u00faltimos anos, vem se dedicando ao Coaching e Mentoring de lideran\u00e7as e profissionais em desenvolvimento, com mais de 2.400 horas aplicadas.<\/span><\/p>\t\t\t\t\t\t\t\t<\/div>\n\t\t\t\t<\/div>\n\t\t\t\t\t<\/div>\n\t\t<\/div>\n\t\t\t\t\t<\/div>\n\t\t<\/section>\n\t\t\t\t<\/div>\n\t\t","protected":false},"excerpt":{"rendered":"<p>Fernando Elias Coaching e Mentoring Engenheiro Florestal formado pela ESALQ\/USP, com Mestrado em Tecnologia de Celulose e Papel pela North Carolina State University (EUA), Antonio possui forma\u00e7\u00e3o executiva em Marketing pela Universidade Stanford e certifica\u00e7\u00e3o em Executive Coaching pela IMD, na Su\u00ed\u00e7a. Acumula mais de 30 anos de experi\u00eancia internacional no setor de celulose e [&hellip;]<\/p>\n","protected":false},"author":2,"featured_media":0,"parent":0,"menu_order":0,"comment_status":"closed","ping_status":"closed","template":"","meta":{"footnotes":""},"class_list":["post-2260","page","type-page","status-publish","hentry"],"yoast_head":"<!-- This site is optimized with the Yoast SEO plugin v27.5 - https:\/\/yoast.com\/product\/yoast-seo-wordpress\/ -->\n<title>Fernando Elias - Primatera Fundo Patrimonial<\/title>\n<meta name=\"robots\" content=\"index, follow, max-snippet:-1, max-image-preview:large, max-video-preview:-1\" \/>\n<link rel=\"canonical\" href=\"https:\/\/fundoprimatera.org.br\/site\/fernando-elias\/\" \/>\n<meta property=\"og:locale\" content=\"pt_BR\" \/>\n<meta property=\"og:type\" content=\"article\" \/>\n<meta property=\"og:title\" content=\"Fernando Elias - Primatera Fundo Patrimonial\" \/>\n<meta property=\"og:description\" content=\"Fernando Elias Coaching e Mentoring Engenheiro Florestal formado pela ESALQ\/USP, com Mestrado em Tecnologia de Celulose e Papel pela North Carolina State University (EUA), Antonio possui forma\u00e7\u00e3o executiva em Marketing pela Universidade Stanford e certifica\u00e7\u00e3o em Executive Coaching pela IMD, na Su\u00ed\u00e7a. Acumula mais de 30 anos de experi\u00eancia internacional no setor de celulose e [&hellip;]\" \/>\n<meta property=\"og:url\" content=\"https:\/\/fundoprimatera.org.br\/site\/fernando-elias\/\" \/>\n<meta property=\"og:site_name\" content=\"Primatera Fundo Patrimonial\" \/>\n<meta property=\"article:modified_time\" content=\"2025-07-21T13:18:27+00:00\" \/>\n<meta property=\"og:image\" content=\"https:\/\/fundoprimatera.org.br\/site\/wp-content\/uploads\/elementor\/thumbs\/foto-pessoa-primatera-r934x3z1bfc1cv8zzusriq1996hy43nyw5l6jl2kws.png\" \/>\n<meta name=\"twitter:card\" content=\"summary_large_image\" \/>\n<meta name=\"twitter:label1\" content=\"Est. tempo de leitura\" \/>\n\t<meta name=\"twitter:data1\" content=\"1 minuto\" \/>\n<script type=\"application\/ld+json\" class=\"yoast-schema-graph\">{\"@context\":\"https:\\\/\\\/schema.org\",\"@graph\":[{\"@type\":\"WebPage\",\"@id\":\"https:\\\/\\\/fundoprimatera.org.br\\\/site\\\/fernando-elias\\\/\",\"url\":\"https:\\\/\\\/fundoprimatera.org.br\\\/site\\\/fernando-elias\\\/\",\"name\":\"Fernando Elias - Primatera Fundo Patrimonial\",\"isPartOf\":{\"@id\":\"https:\\\/\\\/fundoprimatera.org.br\\\/site\\\/#website\"},\"primaryImageOfPage\":{\"@id\":\"https:\\\/\\\/fundoprimatera.org.br\\\/site\\\/fernando-elias\\\/#primaryimage\"},\"image\":{\"@id\":\"https:\\\/\\\/fundoprimatera.org.br\\\/site\\\/fernando-elias\\\/#primaryimage\"},\"thumbnailUrl\":\"https:\\\/\\\/fundoprimatera.org.br\\\/site\\\/wp-content\\\/uploads\\\/elementor\\\/thumbs\\\/foto-pessoa-primatera-r934x3z1bfc1cv8zzusriq1996hy43nyw5l6jl2kws.png\",\"datePublished\":\"2025-07-21T13:13:47+00:00\",\"dateModified\":\"2025-07-21T13:18:27+00:00\",\"breadcrumb\":{\"@id\":\"https:\\\/\\\/fundoprimatera.org.br\\\/site\\\/fernando-elias\\\/#breadcrumb\"},\"inLanguage\":\"pt-BR\",\"potentialAction\":[{\"@type\":\"ReadAction\",\"target\":[\"https:\\\/\\\/fundoprimatera.org.br\\\/site\\\/fernando-elias\\\/\"]}]},{\"@type\":\"ImageObject\",\"inLanguage\":\"pt-BR\",\"@id\":\"https:\\\/\\\/fundoprimatera.org.br\\\/site\\\/fernando-elias\\\/#primaryimage\",\"url\":\"https:\\\/\\\/fundoprimatera.org.br\\\/site\\\/wp-content\\\/uploads\\\/elementor\\\/thumbs\\\/foto-pessoa-primatera-r934x3z1bfc1cv8zzusriq1996hy43nyw5l6jl2kws.png\",\"contentUrl\":\"https:\\\/\\\/fundoprimatera.org.br\\\/site\\\/wp-content\\\/uploads\\\/elementor\\\/thumbs\\\/foto-pessoa-primatera-r934x3z1bfc1cv8zzusriq1996hy43nyw5l6jl2kws.png\"},{\"@type\":\"BreadcrumbList\",\"@id\":\"https:\\\/\\\/fundoprimatera.org.br\\\/site\\\/fernando-elias\\\/#breadcrumb\",\"itemListElement\":[{\"@type\":\"ListItem\",\"position\":1,\"name\":\"In\u00edcio\",\"item\":\"https:\\\/\\\/fundoprimatera.org.br\\\/site\\\/\"},{\"@type\":\"ListItem\",\"position\":2,\"name\":\"Fernando Elias\"}]},{\"@type\":\"WebSite\",\"@id\":\"https:\\\/\\\/fundoprimatera.org.br\\\/site\\\/#website\",\"url\":\"https:\\\/\\\/fundoprimatera.org.br\\\/site\\\/\",\"name\":\"Primatera Fundo Patrimonial\",\"description\":\"Primatera Fundo Patrimonial\",\"potentialAction\":[{\"@type\":\"SearchAction\",\"target\":{\"@type\":\"EntryPoint\",\"urlTemplate\":\"https:\\\/\\\/fundoprimatera.org.br\\\/site\\\/?s={search_term_string}\"},\"query-input\":{\"@type\":\"PropertyValueSpecification\",\"valueRequired\":true,\"valueName\":\"search_term_string\"}}],\"inLanguage\":\"pt-BR\"}]}<\/script>\n<!-- \/ Yoast SEO plugin. -->","yoast_head_json":{"title":"Fernando Elias - Primatera Fundo Patrimonial","robots":{"index":"index","follow":"follow","max-snippet":"max-snippet:-1","max-image-preview":"max-image-preview:large","max-video-preview":"max-video-preview:-1"},"canonical":"https:\/\/fundoprimatera.org.br\/site\/fernando-elias\/","og_locale":"pt_BR","og_type":"article","og_title":"Fernando Elias - Primatera Fundo Patrimonial","og_description":"Fernando Elias Coaching e Mentoring Engenheiro Florestal formado pela ESALQ\/USP, com Mestrado em Tecnologia de Celulose e Papel pela North Carolina State University (EUA), Antonio possui forma\u00e7\u00e3o executiva em Marketing pela Universidade Stanford e certifica\u00e7\u00e3o em Executive Coaching pela IMD, na Su\u00ed\u00e7a. Acumula mais de 30 anos de experi\u00eancia internacional no setor de celulose e [&hellip;]","og_url":"https:\/\/fundoprimatera.org.br\/site\/fernando-elias\/","og_site_name":"Primatera Fundo Patrimonial","article_modified_time":"2025-07-21T13:18:27+00:00","og_image":[{"url":"https:\/\/fundoprimatera.org.br\/site\/wp-content\/uploads\/elementor\/thumbs\/foto-pessoa-primatera-r934x3z1bfc1cv8zzusriq1996hy43nyw5l6jl2kws.png","type":"","width":"","height":""}],"twitter_card":"summary_large_image","twitter_misc":{"Est. tempo de leitura":"1 minuto"},"schema":{"@context":"https:\/\/schema.org","@graph":[{"@type":"WebPage","@id":"https:\/\/fundoprimatera.org.br\/site\/fernando-elias\/","url":"https:\/\/fundoprimatera.org.br\/site\/fernando-elias\/","name":"Fernando Elias - Primatera Fundo Patrimonial","isPartOf":{"@id":"https:\/\/fundoprimatera.org.br\/site\/#website"},"primaryImageOfPage":{"@id":"https:\/\/fundoprimatera.org.br\/site\/fernando-elias\/#primaryimage"},"image":{"@id":"https:\/\/fundoprimatera.org.br\/site\/fernando-elias\/#primaryimage"},"thumbnailUrl":"https:\/\/fundoprimatera.org.br\/site\/wp-content\/uploads\/elementor\/thumbs\/foto-pessoa-primatera-r934x3z1bfc1cv8zzusriq1996hy43nyw5l6jl2kws.png","datePublished":"2025-07-21T13:13:47+00:00","dateModified":"2025-07-21T13:18:27+00:00","breadcrumb":{"@id":"https:\/\/fundoprimatera.org.br\/site\/fernando-elias\/#breadcrumb"},"inLanguage":"pt-BR","potentialAction":[{"@type":"ReadAction","target":["https:\/\/fundoprimatera.org.br\/site\/fernando-elias\/"]}]},{"@type":"ImageObject","inLanguage":"pt-BR","@id":"https:\/\/fundoprimatera.org.br\/site\/fernando-elias\/#primaryimage","url":"https:\/\/fundoprimatera.org.br\/site\/wp-content\/uploads\/elementor\/thumbs\/foto-pessoa-primatera-r934x3z1bfc1cv8zzusriq1996hy43nyw5l6jl2kws.png","contentUrl":"https:\/\/fundoprimatera.org.br\/site\/wp-content\/uploads\/elementor\/thumbs\/foto-pessoa-primatera-r934x3z1bfc1cv8zzusriq1996hy43nyw5l6jl2kws.png"},{"@type":"BreadcrumbList","@id":"https:\/\/fundoprimatera.org.br\/site\/fernando-elias\/#breadcrumb","itemListElement":[{"@type":"ListItem","position":1,"name":"In\u00edcio","item":"https:\/\/fundoprimatera.org.br\/site\/"},{"@type":"ListItem","position":2,"name":"Fernando Elias"}]},{"@type":"WebSite","@id":"https:\/\/fundoprimatera.org.br\/site\/#website","url":"https:\/\/fundoprimatera.org.br\/site\/","name":"Primatera Fundo Patrimonial","description":"Primatera Fundo Patrimonial","potentialAction":[{"@type":"SearchAction","target":{"@type":"EntryPoint","urlTemplate":"https:\/\/fundoprimatera.org.br\/site\/?s={search_term_string}"},"query-input":{"@type":"PropertyValueSpecification","valueRequired":true,"valueName":"search_term_string"}}],"inLanguage":"pt-BR"}]}},"_links":{"self":[{"href":"https:\/\/fundoprimatera.org.br\/site\/wp-json\/wp\/v2\/pages\/2260","targetHints":{"allow":["GET"]}}],"collection":[{"href":"https:\/\/fundoprimatera.org.br\/site\/wp-json\/wp\/v2\/pages"}],"about":[{"href":"https:\/\/fundoprimatera.org.br\/site\/wp-json\/wp\/v2\/types\/page"}],"author":[{"embeddable":true,"href":"https:\/\/fundoprimatera.org.br\/site\/wp-json\/wp\/v2\/users\/2"}],"replies":[{"embeddable":true,"href":"https:\/\/fundoprimatera.org.br\/site\/wp-json\/wp\/v2\/comments?post=2260"}],"version-history":[{"count":7,"href":"https:\/\/fundoprimatera.org.br\/site\/wp-json\/wp\/v2\/pages\/2260\/revisions"}],"predecessor-version":[{"id":2271,"href":"https:\/\/fundoprimatera.org.br\/site\/wp-json\/wp\/v2\/pages\/2260\/revisions\/2271"}],"wp:attachment":[{"href":"https:\/\/fundoprimatera.org.br\/site\/wp-json\/wp\/v2\/media?parent=2260"}],"curies":[{"name":"wp","href":"https:\/\/api.w.org\/{rel}","templated":true}]}}