{"id":1682,"date":"2019-09-05T08:21:02","date_gmt":"2019-09-05T11:21:02","guid":{"rendered":"https:\/\/fbef.org.br\/?page_id=1682"},"modified":"2023-04-03T13:25:08","modified_gmt":"2023-04-03T16:25:08","slug":"jose-otavio-brito","status":"publish","type":"page","link":"https:\/\/fundoprimatera.org.br\/site\/jose-otavio-brito\/","title":{"rendered":"Jos\u00e9 Ot\u00e1vio Brito"},"content":{"rendered":"\t\t<div data-elementor-type=\"wp-post\" data-elementor-id=\"1682\" class=\"elementor elementor-1682\" data-elementor-post-type=\"page\">\n\t\t\t\t\t\t<section class=\"elementor-section elementor-inner-section elementor-element elementor-element-2fc5f72a elementor-section-boxed elementor-section-height-default elementor-section-height-default\" data-id=\"2fc5f72a\" data-element_type=\"section\" data-e-type=\"section\">\n\t\t\t\t\t\t<div class=\"elementor-container elementor-column-gap-no\">\n\t\t\t\t\t<div class=\"elementor-column elementor-col-100 elementor-inner-column elementor-element elementor-element-30bab3fa elementor-invisible\" data-id=\"30bab3fa\" data-element_type=\"column\" data-e-type=\"column\" data-settings=\"{&quot;background_background&quot;:&quot;classic&quot;,&quot;animation&quot;:&quot;fadeInUp&quot;}\">\n\t\t\t<div class=\"elementor-widget-wrap elementor-element-populated\">\n\t\t\t\t\t\t<div class=\"elementor-element elementor-element-585a5b00 elementor-widget elementor-widget-image\" data-id=\"585a5b00\" data-element_type=\"widget\" data-e-type=\"widget\" data-widget_type=\"image.default\">\n\t\t\t\t<div class=\"elementor-widget-container\">\n\t\t\t\t\t\t\t\t\t\t\t\t\t\t\t<img decoding=\"async\" width=\"150\" height=\"150\" src=\"https:\/\/fundoprimatera.org.br\/site\/wp-content\/uploads\/2019\/05\/03-150x150.jpg\" class=\"attachment-thumbnail size-thumbnail wp-image-63\" alt=\"\" srcset=\"https:\/\/fundoprimatera.org.br\/site\/wp-content\/uploads\/2019\/05\/03-150x150.jpg 150w, https:\/\/fundoprimatera.org.br\/site\/wp-content\/uploads\/2019\/05\/03.jpg 250w\" sizes=\"(max-width: 150px) 100vw, 150px\" \/>\t\t\t\t\t\t\t\t\t\t\t\t\t\t\t<\/div>\n\t\t\t\t<\/div>\n\t\t\t\t<div class=\"elementor-element elementor-element-560abf8d elementor-widget elementor-widget-heading\" data-id=\"560abf8d\" data-element_type=\"widget\" data-e-type=\"widget\" data-widget_type=\"heading.default\">\n\t\t\t\t<div class=\"elementor-widget-container\">\n\t\t\t\t\t<h2 class=\"elementor-heading-title elementor-size-large\">Jos\u00e9 Ot\u00e1vio Brito<\/h2>\t\t\t\t<\/div>\n\t\t\t\t<\/div>\n\t\t\t\t<div class=\"elementor-element elementor-element-2f3cc82f elementor-widget elementor-widget-heading\" data-id=\"2f3cc82f\" data-element_type=\"widget\" data-e-type=\"widget\" data-widget_type=\"heading.default\">\n\t\t\t\t<div class=\"elementor-widget-container\">\n\t\t\t\t\t<h2 class=\"elementor-heading-title elementor-size-large\">IPEF<\/h2>\t\t\t\t<\/div>\n\t\t\t\t<\/div>\n\t\t\t\t<div class=\"elementor-element elementor-element-4645e13c elementor-widget elementor-widget-text-editor\" data-id=\"4645e13c\" data-element_type=\"widget\" data-e-type=\"widget\" data-widget_type=\"text-editor.default\">\n\t\t\t\t<div class=\"elementor-widget-container\">\n\t\t\t\t\t\t\t\t\t<p>Engenheiro Florestal, Mestre, Doutor, Livre-Docente e Professor Titular, com t\u00edtulos obtidos junto \u00e0 USP\/ESALQ onde, desde 1977, tem tido atua\u00e7\u00e3o acad\u00eamica e t\u00e9cnico cient\u00edfica. Realizou P\u00f3s-Doutorado na Universit\u00e9 Henry Poincar\u00e9, Nancy, Fran\u00e7a, onde teve a oportunidade de se vincular como Professor Associado. Foi Academic Visitor no Imperial College of London, Inglaterra. Sua atua\u00e7\u00e3o principal \u00e9 na \u00e1rea de bioenergia de base florestal, carv\u00e3o vegetal e correlatos, qu\u00edmica da madeira e de produtos florestais n\u00e3o-madeireiros. Foi Prefeito do Campus &#8220;Luiz de Queiroz&#8221; da USP, em Piracicaba, SP. Foi membro do Comit\u00ea Coordenador do Projeto Florestas Energ\u00e9ticas da Embrapa. Tem oferecido diversas orienta\u00e7\u00f5es e consultorias para empresas e entidades p\u00fablicas e privadas, no Brasil e no Exterior. Aponta mais de 200 refer\u00eancias de produ\u00e7\u00e3o bibliogr\u00e1fica registradas no CNPq\/Lattes. Atualmente, \u00e9 Professor Titular S\u00eanior da USP\/ESALQ. \u00c9 membro do Conselho Executivo da Associa\u00e7\u00e3o T\u00e9cnica Brasileira de Celulose e Papel &#8211; ABTCP. Exerce a fun\u00e7\u00e3o de Diretor Executivo do Instituto de Pesquisas e Estudos Florestais &#8211; IPEF.<\/p>\t\t\t\t\t\t\t\t<\/div>\n\t\t\t\t<\/div>\n\t\t\t\t\t<\/div>\n\t\t<\/div>\n\t\t\t\t\t<\/div>\n\t\t<\/section>\n\t\t\t\t<\/div>\n\t\t","protected":false},"excerpt":{"rendered":"<p>Jos\u00e9 Ot\u00e1vio Brito IPEF Engenheiro Florestal, Mestre, Doutor, Livre-Docente e Professor Titular, com t\u00edtulos obtidos junto \u00e0 USP\/ESALQ onde, desde 1977, tem tido atua\u00e7\u00e3o acad\u00eamica e t\u00e9cnico cient\u00edfica. Realizou P\u00f3s-Doutorado na Universit\u00e9 Henry Poincar\u00e9, Nancy, Fran\u00e7a, onde teve a oportunidade de se vincular como Professor Associado. Foi Academic Visitor no Imperial College of London, Inglaterra. [&hellip;]<\/p>\n","protected":false},"author":1,"featured_media":0,"parent":0,"menu_order":0,"comment_status":"closed","ping_status":"closed","template":"page-elementor.php","meta":{"footnotes":""},"class_list":["post-1682","page","type-page","status-publish","hentry"],"yoast_head":"<!-- This site is optimized with the Yoast SEO plugin v27.3 - https:\/\/yoast.com\/product\/yoast-seo-wordpress\/ -->\n<title>Jos\u00e9 Ot\u00e1vio Brito - Primatera Fundo Patrimonial<\/title>\n<meta name=\"robots\" content=\"index, follow, max-snippet:-1, max-image-preview:large, max-video-preview:-1\" \/>\n<link rel=\"canonical\" href=\"https:\/\/fundoprimatera.org.br\/site\/jose-otavio-brito\/\" \/>\n<meta property=\"og:locale\" content=\"pt_BR\" \/>\n<meta property=\"og:type\" content=\"article\" \/>\n<meta property=\"og:title\" content=\"Jos\u00e9 Ot\u00e1vio Brito - Primatera Fundo Patrimonial\" \/>\n<meta property=\"og:description\" content=\"Jos\u00e9 Ot\u00e1vio Brito IPEF Engenheiro Florestal, Mestre, Doutor, Livre-Docente e Professor Titular, com t\u00edtulos obtidos junto \u00e0 USP\/ESALQ onde, desde 1977, tem tido atua\u00e7\u00e3o acad\u00eamica e t\u00e9cnico cient\u00edfica. Realizou P\u00f3s-Doutorado na Universit\u00e9 Henry Poincar\u00e9, Nancy, Fran\u00e7a, onde teve a oportunidade de se vincular como Professor Associado. Foi Academic Visitor no Imperial College of London, Inglaterra. [&hellip;]\" \/>\n<meta property=\"og:url\" content=\"https:\/\/fundoprimatera.org.br\/site\/jose-otavio-brito\/\" \/>\n<meta property=\"og:site_name\" content=\"Primatera Fundo Patrimonial\" \/>\n<meta property=\"article:modified_time\" content=\"2023-04-03T16:25:08+00:00\" \/>\n<meta property=\"og:image\" content=\"https:\/\/fundoprimatera.org.br\/site\/wp-content\/uploads\/2019\/05\/03-150x150.jpg\" \/>\n<meta name=\"twitter:card\" content=\"summary_large_image\" \/>\n<meta name=\"twitter:label1\" content=\"Est. tempo de leitura\" \/>\n\t<meta name=\"twitter:data1\" content=\"2 minutos\" \/>\n<script type=\"application\/ld+json\" class=\"yoast-schema-graph\">{\"@context\":\"https:\\\/\\\/schema.org\",\"@graph\":[{\"@type\":\"WebPage\",\"@id\":\"https:\\\/\\\/fundoprimatera.org.br\\\/site\\\/jose-otavio-brito\\\/\",\"url\":\"https:\\\/\\\/fundoprimatera.org.br\\\/site\\\/jose-otavio-brito\\\/\",\"name\":\"Jos\u00e9 Ot\u00e1vio Brito - Primatera Fundo Patrimonial\",\"isPartOf\":{\"@id\":\"https:\\\/\\\/fundoprimatera.org.br\\\/site\\\/#website\"},\"primaryImageOfPage\":{\"@id\":\"https:\\\/\\\/fundoprimatera.org.br\\\/site\\\/jose-otavio-brito\\\/#primaryimage\"},\"image\":{\"@id\":\"https:\\\/\\\/fundoprimatera.org.br\\\/site\\\/jose-otavio-brito\\\/#primaryimage\"},\"thumbnailUrl\":\"https:\\\/\\\/fundoprimatera.org.br\\\/site\\\/wp-content\\\/uploads\\\/2019\\\/05\\\/03-150x150.jpg\",\"datePublished\":\"2019-09-05T11:21:02+00:00\",\"dateModified\":\"2023-04-03T16:25:08+00:00\",\"breadcrumb\":{\"@id\":\"https:\\\/\\\/fundoprimatera.org.br\\\/site\\\/jose-otavio-brito\\\/#breadcrumb\"},\"inLanguage\":\"pt-BR\",\"potentialAction\":[{\"@type\":\"ReadAction\",\"target\":[\"https:\\\/\\\/fundoprimatera.org.br\\\/site\\\/jose-otavio-brito\\\/\"]}]},{\"@type\":\"ImageObject\",\"inLanguage\":\"pt-BR\",\"@id\":\"https:\\\/\\\/fundoprimatera.org.br\\\/site\\\/jose-otavio-brito\\\/#primaryimage\",\"url\":\"https:\\\/\\\/fundoprimatera.org.br\\\/site\\\/wp-content\\\/uploads\\\/2019\\\/05\\\/03.jpg\",\"contentUrl\":\"https:\\\/\\\/fundoprimatera.org.br\\\/site\\\/wp-content\\\/uploads\\\/2019\\\/05\\\/03.jpg\",\"width\":250,\"height\":250},{\"@type\":\"BreadcrumbList\",\"@id\":\"https:\\\/\\\/fundoprimatera.org.br\\\/site\\\/jose-otavio-brito\\\/#breadcrumb\",\"itemListElement\":[{\"@type\":\"ListItem\",\"position\":1,\"name\":\"In\u00edcio\",\"item\":\"https:\\\/\\\/fundoprimatera.org.br\\\/site\\\/\"},{\"@type\":\"ListItem\",\"position\":2,\"name\":\"Jos\u00e9 Ot\u00e1vio Brito\"}]},{\"@type\":\"WebSite\",\"@id\":\"https:\\\/\\\/fundoprimatera.org.br\\\/site\\\/#website\",\"url\":\"https:\\\/\\\/fundoprimatera.org.br\\\/site\\\/\",\"name\":\"Primatera Fundo Patrimonial\",\"description\":\"Primatera Fundo Patrimonial\",\"potentialAction\":[{\"@type\":\"SearchAction\",\"target\":{\"@type\":\"EntryPoint\",\"urlTemplate\":\"https:\\\/\\\/fundoprimatera.org.br\\\/site\\\/?s={search_term_string}\"},\"query-input\":{\"@type\":\"PropertyValueSpecification\",\"valueRequired\":true,\"valueName\":\"search_term_string\"}}],\"inLanguage\":\"pt-BR\"}]}<\/script>\n<!-- \/ Yoast SEO plugin. -->","yoast_head_json":{"title":"Jos\u00e9 Ot\u00e1vio Brito - Primatera Fundo Patrimonial","robots":{"index":"index","follow":"follow","max-snippet":"max-snippet:-1","max-image-preview":"max-image-preview:large","max-video-preview":"max-video-preview:-1"},"canonical":"https:\/\/fundoprimatera.org.br\/site\/jose-otavio-brito\/","og_locale":"pt_BR","og_type":"article","og_title":"Jos\u00e9 Ot\u00e1vio Brito - Primatera Fundo Patrimonial","og_description":"Jos\u00e9 Ot\u00e1vio Brito IPEF Engenheiro Florestal, Mestre, Doutor, Livre-Docente e Professor Titular, com t\u00edtulos obtidos junto \u00e0 USP\/ESALQ onde, desde 1977, tem tido atua\u00e7\u00e3o acad\u00eamica e t\u00e9cnico cient\u00edfica. Realizou P\u00f3s-Doutorado na Universit\u00e9 Henry Poincar\u00e9, Nancy, Fran\u00e7a, onde teve a oportunidade de se vincular como Professor Associado. Foi Academic Visitor no Imperial College of London, Inglaterra. [&hellip;]","og_url":"https:\/\/fundoprimatera.org.br\/site\/jose-otavio-brito\/","og_site_name":"Primatera Fundo Patrimonial","article_modified_time":"2023-04-03T16:25:08+00:00","og_image":[{"url":"https:\/\/fundoprimatera.org.br\/site\/wp-content\/uploads\/2019\/05\/03-150x150.jpg","type":"","width":"","height":""}],"twitter_card":"summary_large_image","twitter_misc":{"Est. tempo de leitura":"2 minutos"},"schema":{"@context":"https:\/\/schema.org","@graph":[{"@type":"WebPage","@id":"https:\/\/fundoprimatera.org.br\/site\/jose-otavio-brito\/","url":"https:\/\/fundoprimatera.org.br\/site\/jose-otavio-brito\/","name":"Jos\u00e9 Ot\u00e1vio Brito - Primatera Fundo Patrimonial","isPartOf":{"@id":"https:\/\/fundoprimatera.org.br\/site\/#website"},"primaryImageOfPage":{"@id":"https:\/\/fundoprimatera.org.br\/site\/jose-otavio-brito\/#primaryimage"},"image":{"@id":"https:\/\/fundoprimatera.org.br\/site\/jose-otavio-brito\/#primaryimage"},"thumbnailUrl":"https:\/\/fundoprimatera.org.br\/site\/wp-content\/uploads\/2019\/05\/03-150x150.jpg","datePublished":"2019-09-05T11:21:02+00:00","dateModified":"2023-04-03T16:25:08+00:00","breadcrumb":{"@id":"https:\/\/fundoprimatera.org.br\/site\/jose-otavio-brito\/#breadcrumb"},"inLanguage":"pt-BR","potentialAction":[{"@type":"ReadAction","target":["https:\/\/fundoprimatera.org.br\/site\/jose-otavio-brito\/"]}]},{"@type":"ImageObject","inLanguage":"pt-BR","@id":"https:\/\/fundoprimatera.org.br\/site\/jose-otavio-brito\/#primaryimage","url":"https:\/\/fundoprimatera.org.br\/site\/wp-content\/uploads\/2019\/05\/03.jpg","contentUrl":"https:\/\/fundoprimatera.org.br\/site\/wp-content\/uploads\/2019\/05\/03.jpg","width":250,"height":250},{"@type":"BreadcrumbList","@id":"https:\/\/fundoprimatera.org.br\/site\/jose-otavio-brito\/#breadcrumb","itemListElement":[{"@type":"ListItem","position":1,"name":"In\u00edcio","item":"https:\/\/fundoprimatera.org.br\/site\/"},{"@type":"ListItem","position":2,"name":"Jos\u00e9 Ot\u00e1vio Brito"}]},{"@type":"WebSite","@id":"https:\/\/fundoprimatera.org.br\/site\/#website","url":"https:\/\/fundoprimatera.org.br\/site\/","name":"Primatera Fundo Patrimonial","description":"Primatera Fundo Patrimonial","potentialAction":[{"@type":"SearchAction","target":{"@type":"EntryPoint","urlTemplate":"https:\/\/fundoprimatera.org.br\/site\/?s={search_term_string}"},"query-input":{"@type":"PropertyValueSpecification","valueRequired":true,"valueName":"search_term_string"}}],"inLanguage":"pt-BR"}]}},"_links":{"self":[{"href":"https:\/\/fundoprimatera.org.br\/site\/wp-json\/wp\/v2\/pages\/1682","targetHints":{"allow":["GET"]}}],"collection":[{"href":"https:\/\/fundoprimatera.org.br\/site\/wp-json\/wp\/v2\/pages"}],"about":[{"href":"https:\/\/fundoprimatera.org.br\/site\/wp-json\/wp\/v2\/types\/page"}],"author":[{"embeddable":true,"href":"https:\/\/fundoprimatera.org.br\/site\/wp-json\/wp\/v2\/users\/1"}],"replies":[{"embeddable":true,"href":"https:\/\/fundoprimatera.org.br\/site\/wp-json\/wp\/v2\/comments?post=1682"}],"version-history":[{"count":4,"href":"https:\/\/fundoprimatera.org.br\/site\/wp-json\/wp\/v2\/pages\/1682\/revisions"}],"predecessor-version":[{"id":1932,"href":"https:\/\/fundoprimatera.org.br\/site\/wp-json\/wp\/v2\/pages\/1682\/revisions\/1932"}],"wp:attachment":[{"href":"https:\/\/fundoprimatera.org.br\/site\/wp-json\/wp\/v2\/media?parent=1682"}],"curies":[{"name":"wp","href":"https:\/\/api.w.org\/{rel}","templated":true}]}}