{"id":1657,"date":"2019-05-30T08:59:39","date_gmt":"2019-05-30T11:59:39","guid":{"rendered":"https:\/\/fbef.org.br\/?page_id=1657"},"modified":"2023-09-28T14:08:45","modified_gmt":"2023-09-28T17:08:45","slug":"deposito-bancario","status":"publish","type":"page","link":"https:\/\/fundoprimatera.org.br\/site\/deposito-bancario\/","title":{"rendered":"Dep\u00f3sito banc\u00e1rio"},"content":{"rendered":"\t\t<div data-elementor-type=\"wp-post\" data-elementor-id=\"1657\" class=\"elementor elementor-1657\" data-elementor-post-type=\"page\">\n\t\t\t\t\t\t<section class=\"elementor-section elementor-top-section elementor-element elementor-element-44fdefea elementor-section-content-middle elementor-section-boxed elementor-section-height-default elementor-section-height-default\" data-id=\"44fdefea\" data-element_type=\"section\" data-e-type=\"section\" data-settings=\"{&quot;background_background&quot;:&quot;classic&quot;}\">\n\t\t\t\t\t\t<div class=\"elementor-container elementor-column-gap-no\">\n\t\t\t\t\t<div class=\"elementor-column elementor-col-100 elementor-top-column elementor-element elementor-element-764dc438\" data-id=\"764dc438\" data-element_type=\"column\" data-e-type=\"column\">\n\t\t\t<div class=\"elementor-widget-wrap elementor-element-populated\">\n\t\t\t\t\t\t<section class=\"elementor-section elementor-inner-section elementor-element elementor-element-6c47b56d elementor-section-boxed elementor-section-height-default elementor-section-height-default\" data-id=\"6c47b56d\" data-element_type=\"section\" data-e-type=\"section\">\n\t\t\t\t\t\t<div class=\"elementor-container elementor-column-gap-default\">\n\t\t\t\t\t<div class=\"elementor-column elementor-col-100 elementor-inner-column elementor-element elementor-element-259577ae\" data-id=\"259577ae\" data-element_type=\"column\" data-e-type=\"column\" data-settings=\"{&quot;background_background&quot;:&quot;classic&quot;}\">\n\t\t\t<div class=\"elementor-widget-wrap elementor-element-populated\">\n\t\t\t\t\t\t<div class=\"elementor-element elementor-element-5a33a1ea elementor-widget elementor-widget-heading\" data-id=\"5a33a1ea\" data-element_type=\"widget\" data-e-type=\"widget\" data-widget_type=\"heading.default\">\n\t\t\t\t<div class=\"elementor-widget-container\">\n\t\t\t\t\t<h2 class=\"elementor-heading-title elementor-size-default\">Contribui\u00e7\u00e3o via dep\u00f3sito<\/h2>\t\t\t\t<\/div>\n\t\t\t\t<\/div>\n\t\t\t\t<div class=\"elementor-element elementor-element-e4864d8 elementor-widget elementor-widget-text-editor\" data-id=\"e4864d8\" data-element_type=\"widget\" data-e-type=\"widget\" data-widget_type=\"text-editor.default\">\n\t\t\t\t<div class=\"elementor-widget-container\">\n\t\t\t\t\t\t\t\t\t<p><strong>BANCO DO BRASIL<\/strong><\/p><p>AG 3149-6<\/p><p>CC 4008-8<\/p><p>Em nome: Funda\u00e7\u00e3o de Estudos Agr\u00e1rios Luiz de Queiroz<\/p><p>CNPJ: 48.659.502\/0001-55<\/p><p><strong>Ap\u00f3s efetuar o pagamento nos enviar o comprovante para devida baixa no e-mail <a href=\"mailto:bruna.trevizan@fealq.com.br\" target=\"_blank\" rel=\"noopener noreferrer\"> bruna.trevizan@fealq.com.br<\/a> &#8211; Bruna Trevizan<\/strong><\/p>\t\t\t\t\t\t\t\t<\/div>\n\t\t\t\t<\/div>\n\t\t\t\t\t<\/div>\n\t\t<\/div>\n\t\t\t\t\t<\/div>\n\t\t<\/section>\n\t\t\t\t<div class=\"elementor-element elementor-element-5c8fbf01 elementor-widget elementor-widget-spacer\" data-id=\"5c8fbf01\" data-element_type=\"widget\" data-e-type=\"widget\" data-widget_type=\"spacer.default\">\n\t\t\t\t<div class=\"elementor-widget-container\">\n\t\t\t\t\t\t\t<div class=\"elementor-spacer\">\n\t\t\t<div class=\"elementor-spacer-inner\"><\/div>\n\t\t<\/div>\n\t\t\t\t\t\t<\/div>\n\t\t\t\t<\/div>\n\t\t\t\t<div class=\"elementor-element elementor-element-3d0887c0 elementor-align-center elementor-invisible elementor-widget elementor-widget-button\" data-id=\"3d0887c0\" data-element_type=\"widget\" data-e-type=\"widget\" data-settings=\"{&quot;_animation&quot;:&quot;bounceIn&quot;}\" data-widget_type=\"button.default\">\n\t\t\t\t<div class=\"elementor-widget-container\">\n\t\t\t\t\t\t\t\t\t<div class=\"elementor-button-wrapper\">\n\t\t\t\t\t<a class=\"elementor-button elementor-button-link elementor-size-md\" href=\"http:\/\/fbef.org.br\/site\/#participe\">\n\t\t\t\t\t\t<span class=\"elementor-button-content-wrapper\">\n\t\t\t\t\t\t\t\t\t<span class=\"elementor-button-text\">Veja todos os planos<\/span>\n\t\t\t\t\t<\/span>\n\t\t\t\t\t<\/a>\n\t\t\t\t<\/div>\n\t\t\t\t\t\t\t\t<\/div>\n\t\t\t\t<\/div>\n\t\t\t\t\t<\/div>\n\t\t<\/div>\n\t\t\t\t\t<\/div>\n\t\t<\/section>\n\t\t\t\t<\/div>\n\t\t","protected":false},"excerpt":{"rendered":"<p>Contribui\u00e7\u00e3o via dep\u00f3sito BANCO DO BRASIL AG 3149-6 CC 4008-8 Em nome: Funda\u00e7\u00e3o de Estudos Agr\u00e1rios Luiz de Queiroz CNPJ: 48.659.502\/0001-55 Ap\u00f3s efetuar o pagamento nos enviar o comprovante para devida baixa no e-mail bruna.trevizan@fealq.com.br &#8211; Bruna Trevizan Veja todos os planos<\/p>\n","protected":false},"author":1,"featured_media":0,"parent":0,"menu_order":0,"comment_status":"closed","ping_status":"closed","template":"page-elementor.php","meta":{"footnotes":""},"class_list":["post-1657","page","type-page","status-publish","hentry"],"yoast_head":"<!-- This site is optimized with the Yoast SEO plugin v27.5 - https:\/\/yoast.com\/product\/yoast-seo-wordpress\/ -->\n<title>Dep\u00f3sito banc\u00e1rio - Primatera Fundo Patrimonial<\/title>\n<meta name=\"robots\" content=\"index, follow, max-snippet:-1, max-image-preview:large, max-video-preview:-1\" \/>\n<link rel=\"canonical\" href=\"https:\/\/fundoprimatera.org.br\/site\/deposito-bancario\/\" \/>\n<meta property=\"og:locale\" content=\"pt_BR\" \/>\n<meta property=\"og:type\" content=\"article\" \/>\n<meta property=\"og:title\" content=\"Dep\u00f3sito banc\u00e1rio - Primatera Fundo Patrimonial\" \/>\n<meta property=\"og:description\" content=\"Contribui\u00e7\u00e3o via dep\u00f3sito BANCO DO BRASIL AG 3149-6 CC 4008-8 Em nome: Funda\u00e7\u00e3o de Estudos Agr\u00e1rios Luiz de Queiroz CNPJ: 48.659.502\/0001-55 Ap\u00f3s efetuar o pagamento nos enviar o comprovante para devida baixa no e-mail bruna.trevizan@fealq.com.br &#8211; Bruna Trevizan Veja todos os planos\" \/>\n<meta property=\"og:url\" content=\"https:\/\/fundoprimatera.org.br\/site\/deposito-bancario\/\" \/>\n<meta property=\"og:site_name\" content=\"Primatera Fundo Patrimonial\" \/>\n<meta property=\"article:modified_time\" content=\"2023-09-28T17:08:45+00:00\" \/>\n<meta name=\"twitter:card\" content=\"summary_large_image\" \/>\n<meta name=\"twitter:label1\" content=\"Est. tempo de leitura\" \/>\n\t<meta name=\"twitter:data1\" content=\"1 minuto\" \/>\n<script type=\"application\/ld+json\" class=\"yoast-schema-graph\">{\"@context\":\"https:\\\/\\\/schema.org\",\"@graph\":[{\"@type\":\"WebPage\",\"@id\":\"https:\\\/\\\/fundoprimatera.org.br\\\/site\\\/deposito-bancario\\\/\",\"url\":\"https:\\\/\\\/fundoprimatera.org.br\\\/site\\\/deposito-bancario\\\/\",\"name\":\"Dep\u00f3sito banc\u00e1rio - Primatera Fundo Patrimonial\",\"isPartOf\":{\"@id\":\"https:\\\/\\\/fundoprimatera.org.br\\\/site\\\/#website\"},\"datePublished\":\"2019-05-30T11:59:39+00:00\",\"dateModified\":\"2023-09-28T17:08:45+00:00\",\"breadcrumb\":{\"@id\":\"https:\\\/\\\/fundoprimatera.org.br\\\/site\\\/deposito-bancario\\\/#breadcrumb\"},\"inLanguage\":\"pt-BR\",\"potentialAction\":[{\"@type\":\"ReadAction\",\"target\":[\"https:\\\/\\\/fundoprimatera.org.br\\\/site\\\/deposito-bancario\\\/\"]}]},{\"@type\":\"BreadcrumbList\",\"@id\":\"https:\\\/\\\/fundoprimatera.org.br\\\/site\\\/deposito-bancario\\\/#breadcrumb\",\"itemListElement\":[{\"@type\":\"ListItem\",\"position\":1,\"name\":\"In\u00edcio\",\"item\":\"https:\\\/\\\/fundoprimatera.org.br\\\/site\\\/\"},{\"@type\":\"ListItem\",\"position\":2,\"name\":\"Dep\u00f3sito banc\u00e1rio\"}]},{\"@type\":\"WebSite\",\"@id\":\"https:\\\/\\\/fundoprimatera.org.br\\\/site\\\/#website\",\"url\":\"https:\\\/\\\/fundoprimatera.org.br\\\/site\\\/\",\"name\":\"Primatera Fundo Patrimonial\",\"description\":\"Primatera Fundo Patrimonial\",\"potentialAction\":[{\"@type\":\"SearchAction\",\"target\":{\"@type\":\"EntryPoint\",\"urlTemplate\":\"https:\\\/\\\/fundoprimatera.org.br\\\/site\\\/?s={search_term_string}\"},\"query-input\":{\"@type\":\"PropertyValueSpecification\",\"valueRequired\":true,\"valueName\":\"search_term_string\"}}],\"inLanguage\":\"pt-BR\"}]}<\/script>\n<!-- \/ Yoast SEO plugin. -->","yoast_head_json":{"title":"Dep\u00f3sito banc\u00e1rio - Primatera Fundo Patrimonial","robots":{"index":"index","follow":"follow","max-snippet":"max-snippet:-1","max-image-preview":"max-image-preview:large","max-video-preview":"max-video-preview:-1"},"canonical":"https:\/\/fundoprimatera.org.br\/site\/deposito-bancario\/","og_locale":"pt_BR","og_type":"article","og_title":"Dep\u00f3sito banc\u00e1rio - Primatera Fundo Patrimonial","og_description":"Contribui\u00e7\u00e3o via dep\u00f3sito BANCO DO BRASIL AG 3149-6 CC 4008-8 Em nome: Funda\u00e7\u00e3o de Estudos Agr\u00e1rios Luiz de Queiroz CNPJ: 48.659.502\/0001-55 Ap\u00f3s efetuar o pagamento nos enviar o comprovante para devida baixa no e-mail bruna.trevizan@fealq.com.br &#8211; Bruna Trevizan Veja todos os planos","og_url":"https:\/\/fundoprimatera.org.br\/site\/deposito-bancario\/","og_site_name":"Primatera Fundo Patrimonial","article_modified_time":"2023-09-28T17:08:45+00:00","twitter_card":"summary_large_image","twitter_misc":{"Est. tempo de leitura":"1 minuto"},"schema":{"@context":"https:\/\/schema.org","@graph":[{"@type":"WebPage","@id":"https:\/\/fundoprimatera.org.br\/site\/deposito-bancario\/","url":"https:\/\/fundoprimatera.org.br\/site\/deposito-bancario\/","name":"Dep\u00f3sito banc\u00e1rio - Primatera Fundo Patrimonial","isPartOf":{"@id":"https:\/\/fundoprimatera.org.br\/site\/#website"},"datePublished":"2019-05-30T11:59:39+00:00","dateModified":"2023-09-28T17:08:45+00:00","breadcrumb":{"@id":"https:\/\/fundoprimatera.org.br\/site\/deposito-bancario\/#breadcrumb"},"inLanguage":"pt-BR","potentialAction":[{"@type":"ReadAction","target":["https:\/\/fundoprimatera.org.br\/site\/deposito-bancario\/"]}]},{"@type":"BreadcrumbList","@id":"https:\/\/fundoprimatera.org.br\/site\/deposito-bancario\/#breadcrumb","itemListElement":[{"@type":"ListItem","position":1,"name":"In\u00edcio","item":"https:\/\/fundoprimatera.org.br\/site\/"},{"@type":"ListItem","position":2,"name":"Dep\u00f3sito banc\u00e1rio"}]},{"@type":"WebSite","@id":"https:\/\/fundoprimatera.org.br\/site\/#website","url":"https:\/\/fundoprimatera.org.br\/site\/","name":"Primatera Fundo Patrimonial","description":"Primatera Fundo Patrimonial","potentialAction":[{"@type":"SearchAction","target":{"@type":"EntryPoint","urlTemplate":"https:\/\/fundoprimatera.org.br\/site\/?s={search_term_string}"},"query-input":{"@type":"PropertyValueSpecification","valueRequired":true,"valueName":"search_term_string"}}],"inLanguage":"pt-BR"}]}},"_links":{"self":[{"href":"https:\/\/fundoprimatera.org.br\/site\/wp-json\/wp\/v2\/pages\/1657","targetHints":{"allow":["GET"]}}],"collection":[{"href":"https:\/\/fundoprimatera.org.br\/site\/wp-json\/wp\/v2\/pages"}],"about":[{"href":"https:\/\/fundoprimatera.org.br\/site\/wp-json\/wp\/v2\/types\/page"}],"author":[{"embeddable":true,"href":"https:\/\/fundoprimatera.org.br\/site\/wp-json\/wp\/v2\/users\/1"}],"replies":[{"embeddable":true,"href":"https:\/\/fundoprimatera.org.br\/site\/wp-json\/wp\/v2\/comments?post=1657"}],"version-history":[{"count":16,"href":"https:\/\/fundoprimatera.org.br\/site\/wp-json\/wp\/v2\/pages\/1657\/revisions"}],"predecessor-version":[{"id":2062,"href":"https:\/\/fundoprimatera.org.br\/site\/wp-json\/wp\/v2\/pages\/1657\/revisions\/2062"}],"wp:attachment":[{"href":"https:\/\/fundoprimatera.org.br\/site\/wp-json\/wp\/v2\/media?parent=1657"}],"curies":[{"name":"wp","href":"https:\/\/api.w.org\/{rel}","templated":true}]}}