{"id":1643,"date":"2019-05-30T08:34:13","date_gmt":"2019-05-30T11:34:13","guid":{"rendered":"https:\/\/fbef.org.br\/?page_id=1643"},"modified":"2023-04-03T13:28:06","modified_gmt":"2023-04-03T16:28:06","slug":"luiz-e-g-barrichelo","status":"publish","type":"page","link":"https:\/\/fundoprimatera.org.br\/site\/luiz-e-g-barrichelo\/","title":{"rendered":"Luiz E. G. Barrichelo"},"content":{"rendered":"\t\t<div data-elementor-type=\"wp-post\" data-elementor-id=\"1643\" class=\"elementor elementor-1643\" data-elementor-post-type=\"page\">\n\t\t\t\t\t\t<section class=\"elementor-section elementor-inner-section elementor-element elementor-element-39a6f77a elementor-section-boxed elementor-section-height-default elementor-section-height-default\" data-id=\"39a6f77a\" data-element_type=\"section\" data-e-type=\"section\">\n\t\t\t\t\t\t<div class=\"elementor-container elementor-column-gap-no\">\n\t\t\t\t\t<div class=\"elementor-column elementor-col-100 elementor-inner-column elementor-element elementor-element-6413425a elementor-invisible\" data-id=\"6413425a\" data-element_type=\"column\" data-e-type=\"column\" data-settings=\"{&quot;background_background&quot;:&quot;classic&quot;,&quot;animation&quot;:&quot;fadeInUp&quot;}\">\n\t\t\t<div class=\"elementor-widget-wrap elementor-element-populated\">\n\t\t\t\t\t\t<div class=\"elementor-element elementor-element-25fb82ef elementor-widget elementor-widget-image\" data-id=\"25fb82ef\" data-element_type=\"widget\" data-e-type=\"widget\" data-widget_type=\"image.default\">\n\t\t\t\t<div class=\"elementor-widget-container\">\n\t\t\t\t\t\t\t\t\t\t\t\t\t\t\t<img decoding=\"async\" width=\"150\" height=\"150\" src=\"https:\/\/fundoprimatera.org.br\/site\/wp-content\/uploads\/2019\/05\/04-150x150.jpg\" class=\"attachment-thumbnail size-thumbnail wp-image-64\" alt=\"\" srcset=\"https:\/\/fundoprimatera.org.br\/site\/wp-content\/uploads\/2019\/05\/04-150x150.jpg 150w, https:\/\/fundoprimatera.org.br\/site\/wp-content\/uploads\/2019\/05\/04.jpg 250w\" sizes=\"(max-width: 150px) 100vw, 150px\" \/>\t\t\t\t\t\t\t\t\t\t\t\t\t\t\t<\/div>\n\t\t\t\t<\/div>\n\t\t\t\t<div class=\"elementor-element elementor-element-8f5a330 elementor-widget elementor-widget-heading\" data-id=\"8f5a330\" data-element_type=\"widget\" data-e-type=\"widget\" data-widget_type=\"heading.default\">\n\t\t\t\t<div class=\"elementor-widget-container\">\n\t\t\t\t\t<h2 class=\"elementor-heading-title elementor-size-large\">Luiz E. G. Barrichelo<\/h2>\t\t\t\t<\/div>\n\t\t\t\t<\/div>\n\t\t\t\t<div class=\"elementor-element elementor-element-1720f9bb elementor-widget elementor-widget-heading\" data-id=\"1720f9bb\" data-element_type=\"widget\" data-e-type=\"widget\" data-widget_type=\"heading.default\">\n\t\t\t\t<div class=\"elementor-widget-container\">\n\t\t\t\t\t<h2 class=\"elementor-heading-title elementor-size-large\">USP<\/h2>\t\t\t\t<\/div>\n\t\t\t\t<\/div>\n\t\t\t\t<div class=\"elementor-element elementor-element-ce885b1 elementor-widget elementor-widget-text-editor\" data-id=\"ce885b1\" data-element_type=\"widget\" data-e-type=\"widget\" data-widget_type=\"text-editor.default\">\n\t\t\t\t<div class=\"elementor-widget-container\">\n\t\t\t\t\t\t\t\t\tEngenheiro agr\u00f4nomo pela Escola Superior de Agricultura &#8220;Luiz de Queiroz&#8221;(ESALQ) da Universidade de S\u00e3o Paulo(USP), turma de 1966. Professor especializado em Tecnologia de Celulose e Papel e aposentado pela ESALQ onde ingressou em 1967 junto ao atual Departamento de Ci\u00eancias Florestais. Na administra\u00e7\u00e3o universit\u00e1ria foi Chefe de Departamento e presidente de diversas comiss\u00f5es. Na ESALQ foi membro da Congrega\u00e7\u00e3o e seu representante junto ao Conselho Universit\u00e1rio da USP. Junto ao Campus &#8220;Luiz de Queiroz&#8221; da USP em Piracicaba foi seu Prefeito no bi\u00eanio 1993-94. Administrador da Esta\u00e7\u00e3o Experimental de Ci\u00eancias Florestais de Itatinga, da ESALQ\/USP, por 6 anos.\nColaborou na funda\u00e7\u00e3o do Instituto de Pesquisas e Estudos Florestais(IPEF) em 1968 e foi seu Diretor Cient\u00edfico entre 1986 e 1992. Em 2004 retornou ao mesmo como Diretor Executivo, cargo que exerceu at\u00e9 2016. Possui in\u00fameros pr\u00eamios e homenagens recebidos pelas atividades docentes e de pesquisa, destacando-se entre eles o Pr\u00eamio Moinho Santista ( hoje Pr\u00eamio Bunge), recebido em 1994, em reconhecimento pela sua contribui\u00e7\u00e3o para o uso do eucalipto como mat\u00e9ria-prima para celulose no Brasil.\t\t\t\t\t\t\t\t<\/div>\n\t\t\t\t<\/div>\n\t\t\t\t\t<\/div>\n\t\t<\/div>\n\t\t\t\t\t<\/div>\n\t\t<\/section>\n\t\t\t\t<\/div>\n\t\t","protected":false},"excerpt":{"rendered":"<p>Luiz E. G. Barrichelo USP Engenheiro agr\u00f4nomo pela Escola Superior de Agricultura &#8220;Luiz de Queiroz&#8221;(ESALQ) da Universidade de S\u00e3o Paulo(USP), turma de 1966. Professor especializado em Tecnologia de Celulose e Papel e aposentado pela ESALQ onde ingressou em 1967 junto ao atual Departamento de Ci\u00eancias Florestais. Na administra\u00e7\u00e3o universit\u00e1ria foi Chefe de Departamento e presidente [&hellip;]<\/p>\n","protected":false},"author":1,"featured_media":0,"parent":0,"menu_order":0,"comment_status":"closed","ping_status":"closed","template":"","meta":{"footnotes":""},"class_list":["post-1643","page","type-page","status-publish","hentry"],"yoast_head":"<!-- This site is optimized with the Yoast SEO plugin v27.6 - https:\/\/yoast.com\/product\/yoast-seo-wordpress\/ -->\n<title>Luiz E. G. Barrichelo - Primatera Fundo Patrimonial<\/title>\n<meta name=\"robots\" content=\"index, follow, max-snippet:-1, max-image-preview:large, max-video-preview:-1\" \/>\n<link rel=\"canonical\" href=\"https:\/\/fundoprimatera.org.br\/site\/luiz-e-g-barrichelo\/\" \/>\n<meta property=\"og:locale\" content=\"pt_BR\" \/>\n<meta property=\"og:type\" content=\"article\" \/>\n<meta property=\"og:title\" content=\"Luiz E. G. Barrichelo - Primatera Fundo Patrimonial\" \/>\n<meta property=\"og:description\" content=\"Luiz E. G. Barrichelo USP Engenheiro agr\u00f4nomo pela Escola Superior de Agricultura &#8220;Luiz de Queiroz&#8221;(ESALQ) da Universidade de S\u00e3o Paulo(USP), turma de 1966. Professor especializado em Tecnologia de Celulose e Papel e aposentado pela ESALQ onde ingressou em 1967 junto ao atual Departamento de Ci\u00eancias Florestais. Na administra\u00e7\u00e3o universit\u00e1ria foi Chefe de Departamento e presidente [&hellip;]\" \/>\n<meta property=\"og:url\" content=\"https:\/\/fundoprimatera.org.br\/site\/luiz-e-g-barrichelo\/\" \/>\n<meta property=\"og:site_name\" content=\"Primatera Fundo Patrimonial\" \/>\n<meta property=\"article:modified_time\" content=\"2023-04-03T16:28:06+00:00\" \/>\n<meta property=\"og:image\" content=\"https:\/\/fundoprimatera.org.br\/site\/wp-content\/uploads\/2019\/05\/04-150x150.jpg\" \/>\n<meta name=\"twitter:card\" content=\"summary_large_image\" \/>\n<meta name=\"twitter:label1\" content=\"Est. tempo de leitura\" \/>\n\t<meta name=\"twitter:data1\" content=\"2 minutos\" \/>\n<script type=\"application\/ld+json\" class=\"yoast-schema-graph\">{\"@context\":\"https:\\\/\\\/schema.org\",\"@graph\":[{\"@type\":\"WebPage\",\"@id\":\"https:\\\/\\\/fundoprimatera.org.br\\\/site\\\/luiz-e-g-barrichelo\\\/\",\"url\":\"https:\\\/\\\/fundoprimatera.org.br\\\/site\\\/luiz-e-g-barrichelo\\\/\",\"name\":\"Luiz E. G. Barrichelo - Primatera Fundo Patrimonial\",\"isPartOf\":{\"@id\":\"https:\\\/\\\/fundoprimatera.org.br\\\/site\\\/#website\"},\"primaryImageOfPage\":{\"@id\":\"https:\\\/\\\/fundoprimatera.org.br\\\/site\\\/luiz-e-g-barrichelo\\\/#primaryimage\"},\"image\":{\"@id\":\"https:\\\/\\\/fundoprimatera.org.br\\\/site\\\/luiz-e-g-barrichelo\\\/#primaryimage\"},\"thumbnailUrl\":\"https:\\\/\\\/fundoprimatera.org.br\\\/site\\\/wp-content\\\/uploads\\\/2019\\\/05\\\/04-150x150.jpg\",\"datePublished\":\"2019-05-30T11:34:13+00:00\",\"dateModified\":\"2023-04-03T16:28:06+00:00\",\"breadcrumb\":{\"@id\":\"https:\\\/\\\/fundoprimatera.org.br\\\/site\\\/luiz-e-g-barrichelo\\\/#breadcrumb\"},\"inLanguage\":\"pt-BR\",\"potentialAction\":[{\"@type\":\"ReadAction\",\"target\":[\"https:\\\/\\\/fundoprimatera.org.br\\\/site\\\/luiz-e-g-barrichelo\\\/\"]}]},{\"@type\":\"ImageObject\",\"inLanguage\":\"pt-BR\",\"@id\":\"https:\\\/\\\/fundoprimatera.org.br\\\/site\\\/luiz-e-g-barrichelo\\\/#primaryimage\",\"url\":\"https:\\\/\\\/fundoprimatera.org.br\\\/site\\\/wp-content\\\/uploads\\\/2019\\\/05\\\/04.jpg\",\"contentUrl\":\"https:\\\/\\\/fundoprimatera.org.br\\\/site\\\/wp-content\\\/uploads\\\/2019\\\/05\\\/04.jpg\",\"width\":250,\"height\":250},{\"@type\":\"BreadcrumbList\",\"@id\":\"https:\\\/\\\/fundoprimatera.org.br\\\/site\\\/luiz-e-g-barrichelo\\\/#breadcrumb\",\"itemListElement\":[{\"@type\":\"ListItem\",\"position\":1,\"name\":\"In\u00edcio\",\"item\":\"https:\\\/\\\/fundoprimatera.org.br\\\/site\\\/\"},{\"@type\":\"ListItem\",\"position\":2,\"name\":\"Luiz E. G. Barrichelo\"}]},{\"@type\":\"WebSite\",\"@id\":\"https:\\\/\\\/fundoprimatera.org.br\\\/site\\\/#website\",\"url\":\"https:\\\/\\\/fundoprimatera.org.br\\\/site\\\/\",\"name\":\"Primatera Fundo Patrimonial\",\"description\":\"Primatera Fundo Patrimonial\",\"potentialAction\":[{\"@type\":\"SearchAction\",\"target\":{\"@type\":\"EntryPoint\",\"urlTemplate\":\"https:\\\/\\\/fundoprimatera.org.br\\\/site\\\/?s={search_term_string}\"},\"query-input\":{\"@type\":\"PropertyValueSpecification\",\"valueRequired\":true,\"valueName\":\"search_term_string\"}}],\"inLanguage\":\"pt-BR\"}]}<\/script>\n<!-- \/ Yoast SEO plugin. -->","yoast_head_json":{"title":"Luiz E. G. Barrichelo - Primatera Fundo Patrimonial","robots":{"index":"index","follow":"follow","max-snippet":"max-snippet:-1","max-image-preview":"max-image-preview:large","max-video-preview":"max-video-preview:-1"},"canonical":"https:\/\/fundoprimatera.org.br\/site\/luiz-e-g-barrichelo\/","og_locale":"pt_BR","og_type":"article","og_title":"Luiz E. G. Barrichelo - Primatera Fundo Patrimonial","og_description":"Luiz E. G. Barrichelo USP Engenheiro agr\u00f4nomo pela Escola Superior de Agricultura &#8220;Luiz de Queiroz&#8221;(ESALQ) da Universidade de S\u00e3o Paulo(USP), turma de 1966. Professor especializado em Tecnologia de Celulose e Papel e aposentado pela ESALQ onde ingressou em 1967 junto ao atual Departamento de Ci\u00eancias Florestais. Na administra\u00e7\u00e3o universit\u00e1ria foi Chefe de Departamento e presidente [&hellip;]","og_url":"https:\/\/fundoprimatera.org.br\/site\/luiz-e-g-barrichelo\/","og_site_name":"Primatera Fundo Patrimonial","article_modified_time":"2023-04-03T16:28:06+00:00","og_image":[{"url":"https:\/\/fundoprimatera.org.br\/site\/wp-content\/uploads\/2019\/05\/04-150x150.jpg","type":"","width":"","height":""}],"twitter_card":"summary_large_image","twitter_misc":{"Est. tempo de leitura":"2 minutos"},"schema":{"@context":"https:\/\/schema.org","@graph":[{"@type":"WebPage","@id":"https:\/\/fundoprimatera.org.br\/site\/luiz-e-g-barrichelo\/","url":"https:\/\/fundoprimatera.org.br\/site\/luiz-e-g-barrichelo\/","name":"Luiz E. G. Barrichelo - Primatera Fundo Patrimonial","isPartOf":{"@id":"https:\/\/fundoprimatera.org.br\/site\/#website"},"primaryImageOfPage":{"@id":"https:\/\/fundoprimatera.org.br\/site\/luiz-e-g-barrichelo\/#primaryimage"},"image":{"@id":"https:\/\/fundoprimatera.org.br\/site\/luiz-e-g-barrichelo\/#primaryimage"},"thumbnailUrl":"https:\/\/fundoprimatera.org.br\/site\/wp-content\/uploads\/2019\/05\/04-150x150.jpg","datePublished":"2019-05-30T11:34:13+00:00","dateModified":"2023-04-03T16:28:06+00:00","breadcrumb":{"@id":"https:\/\/fundoprimatera.org.br\/site\/luiz-e-g-barrichelo\/#breadcrumb"},"inLanguage":"pt-BR","potentialAction":[{"@type":"ReadAction","target":["https:\/\/fundoprimatera.org.br\/site\/luiz-e-g-barrichelo\/"]}]},{"@type":"ImageObject","inLanguage":"pt-BR","@id":"https:\/\/fundoprimatera.org.br\/site\/luiz-e-g-barrichelo\/#primaryimage","url":"https:\/\/fundoprimatera.org.br\/site\/wp-content\/uploads\/2019\/05\/04.jpg","contentUrl":"https:\/\/fundoprimatera.org.br\/site\/wp-content\/uploads\/2019\/05\/04.jpg","width":250,"height":250},{"@type":"BreadcrumbList","@id":"https:\/\/fundoprimatera.org.br\/site\/luiz-e-g-barrichelo\/#breadcrumb","itemListElement":[{"@type":"ListItem","position":1,"name":"In\u00edcio","item":"https:\/\/fundoprimatera.org.br\/site\/"},{"@type":"ListItem","position":2,"name":"Luiz E. G. Barrichelo"}]},{"@type":"WebSite","@id":"https:\/\/fundoprimatera.org.br\/site\/#website","url":"https:\/\/fundoprimatera.org.br\/site\/","name":"Primatera Fundo Patrimonial","description":"Primatera Fundo Patrimonial","potentialAction":[{"@type":"SearchAction","target":{"@type":"EntryPoint","urlTemplate":"https:\/\/fundoprimatera.org.br\/site\/?s={search_term_string}"},"query-input":{"@type":"PropertyValueSpecification","valueRequired":true,"valueName":"search_term_string"}}],"inLanguage":"pt-BR"}]}},"_links":{"self":[{"href":"https:\/\/fundoprimatera.org.br\/site\/wp-json\/wp\/v2\/pages\/1643","targetHints":{"allow":["GET"]}}],"collection":[{"href":"https:\/\/fundoprimatera.org.br\/site\/wp-json\/wp\/v2\/pages"}],"about":[{"href":"https:\/\/fundoprimatera.org.br\/site\/wp-json\/wp\/v2\/types\/page"}],"author":[{"embeddable":true,"href":"https:\/\/fundoprimatera.org.br\/site\/wp-json\/wp\/v2\/users\/1"}],"replies":[{"embeddable":true,"href":"https:\/\/fundoprimatera.org.br\/site\/wp-json\/wp\/v2\/comments?post=1643"}],"version-history":[{"count":7,"href":"https:\/\/fundoprimatera.org.br\/site\/wp-json\/wp\/v2\/pages\/1643\/revisions"}],"predecessor-version":[{"id":1944,"href":"https:\/\/fundoprimatera.org.br\/site\/wp-json\/wp\/v2\/pages\/1643\/revisions\/1944"}],"wp:attachment":[{"href":"https:\/\/fundoprimatera.org.br\/site\/wp-json\/wp\/v2\/media?parent=1643"}],"curies":[{"name":"wp","href":"https:\/\/api.w.org\/{rel}","templated":true}]}}