{"id":1582,"date":"2019-05-09T08:18:46","date_gmt":"2019-05-09T11:18:46","guid":{"rendered":"https:\/\/fbef.org.br\/site\/?page_id=1582"},"modified":"2026-02-16T15:59:00","modified_gmt":"2026-02-16T18:59:00","slug":"transparencia","status":"publish","type":"page","link":"https:\/\/fundoprimatera.org.br\/site\/transparencia\/","title":{"rendered":"Transpar\u00eancia"},"content":{"rendered":"\t\t<div data-elementor-type=\"wp-post\" data-elementor-id=\"1582\" class=\"elementor elementor-1582\" data-elementor-post-type=\"page\">\n\t\t\t\t\t\t<section class=\"elementor-section elementor-top-section elementor-element elementor-element-401145a7 elementor-section-content-middle elementor-section-boxed elementor-section-height-default elementor-section-height-default\" data-id=\"401145a7\" data-element_type=\"section\" data-e-type=\"section\" data-settings=\"{&quot;background_background&quot;:&quot;classic&quot;}\">\n\t\t\t\t\t\t<div class=\"elementor-container elementor-column-gap-no\">\n\t\t\t\t\t<div class=\"elementor-column elementor-col-100 elementor-top-column elementor-element elementor-element-3d5d23dd\" data-id=\"3d5d23dd\" data-element_type=\"column\" data-e-type=\"column\">\n\t\t\t<div class=\"elementor-widget-wrap elementor-element-populated\">\n\t\t\t\t\t\t<section class=\"elementor-section elementor-inner-section elementor-element elementor-element-1407efa0 elementor-section-content-middle elementor-section-boxed elementor-section-height-default elementor-section-height-default\" data-id=\"1407efa0\" data-element_type=\"section\" data-e-type=\"section\">\n\t\t\t\t\t\t<div class=\"elementor-container elementor-column-gap-default\">\n\t\t\t\t\t<div class=\"elementor-column elementor-col-100 elementor-inner-column elementor-element elementor-element-40cb910\" data-id=\"40cb910\" data-element_type=\"column\" data-e-type=\"column\" data-settings=\"{&quot;background_background&quot;:&quot;classic&quot;}\">\n\t\t\t<div class=\"elementor-widget-wrap elementor-element-populated\">\n\t\t\t\t\t\t<div class=\"elementor-element elementor-element-689a03d elementor-widget elementor-widget-heading\" data-id=\"689a03d\" data-element_type=\"widget\" data-e-type=\"widget\" data-widget_type=\"heading.default\">\n\t\t\t\t<div class=\"elementor-widget-container\">\n\t\t\t\t\t<p class=\"elementor-heading-title elementor-size-default\">meta para 2026<\/p>\t\t\t\t<\/div>\n\t\t\t\t<\/div>\n\t\t\t\t<div class=\"elementor-element elementor-element-55916e72 elementor-widget elementor-widget-heading\" data-id=\"55916e72\" data-element_type=\"widget\" data-e-type=\"widget\" data-widget_type=\"heading.default\">\n\t\t\t\t<div class=\"elementor-widget-container\">\n\t\t\t\t\t<h2 class=\"elementor-heading-title elementor-size-large\">R$ 100.000<\/h2>\t\t\t\t<\/div>\n\t\t\t\t<\/div>\n\t\t\t\t<div class=\"elementor-element elementor-element-471d8e99 elementor-widget-divider--view-line elementor-widget elementor-widget-divider\" data-id=\"471d8e99\" data-element_type=\"widget\" data-e-type=\"widget\" data-widget_type=\"divider.default\">\n\t\t\t\t<div class=\"elementor-widget-container\">\n\t\t\t\t\t\t\t<div class=\"elementor-divider\">\n\t\t\t<span class=\"elementor-divider-separator\">\n\t\t\t\t\t\t<\/span>\n\t\t<\/div>\n\t\t\t\t\t\t<\/div>\n\t\t\t\t<\/div>\n\t\t\t\t<div class=\"elementor-element elementor-element-c45b261 elementor-widget elementor-widget-heading\" data-id=\"c45b261\" data-element_type=\"widget\" data-e-type=\"widget\" data-widget_type=\"heading.default\">\n\t\t\t\t<div class=\"elementor-widget-container\">\n\t\t\t\t\t<p class=\"elementor-heading-title elementor-size-default\">Arrecadado<\/p>\t\t\t\t<\/div>\n\t\t\t\t<\/div>\n\t\t\t\t<div class=\"elementor-element elementor-element-390090b elementor-widget elementor-widget-heading\" data-id=\"390090b\" data-element_type=\"widget\" data-e-type=\"widget\" data-widget_type=\"heading.default\">\n\t\t\t\t<div class=\"elementor-widget-container\">\n\t\t\t\t\t<h2 class=\"elementor-heading-title elementor-size-large\">R$65.732,57<\/h2>\t\t\t\t<\/div>\n\t\t\t\t<\/div>\n\t\t\t\t<div class=\"elementor-element elementor-element-22cab01 elementor-widget-divider--view-line elementor-widget elementor-widget-divider\" data-id=\"22cab01\" data-element_type=\"widget\" data-e-type=\"widget\" data-widget_type=\"divider.default\">\n\t\t\t\t<div class=\"elementor-widget-container\">\n\t\t\t\t\t\t\t<div class=\"elementor-divider\">\n\t\t\t<span class=\"elementor-divider-separator\">\n\t\t\t\t\t\t<\/span>\n\t\t<\/div>\n\t\t\t\t\t\t<\/div>\n\t\t\t\t<\/div>\n\t\t\t\t<div class=\"elementor-element elementor-element-b30fd60 elementor-widget elementor-widget-progress\" data-id=\"b30fd60\" data-element_type=\"widget\" data-e-type=\"widget\" data-widget_type=\"progress.default\">\n\t\t\t\t<div class=\"elementor-widget-container\">\n\t\t\t\t\t\n\t\t<div class=\"elementor-progress-wrapper\" role=\"progressbar\" aria-valuemin=\"0\" aria-valuemax=\"100\" aria-valuenow=\"65.73\">\n\t\t\t<div class=\"elementor-progress-bar\" data-max=\"65.73\">\n\t\t\t\t<span class=\"elementor-progress-text\"><\/span>\n\t\t\t\t\t\t\t\t\t<span class=\"elementor-progress-percentage\">65.73%<\/span>\n\t\t\t\t\t\t\t<\/div>\n\t\t<\/div>\n\t\t\t\t\t\t<\/div>\n\t\t\t\t<\/div>\n\t\t\t\t<div class=\"elementor-element elementor-element-7313e48 elementor-align-center elementor-invisible elementor-widget elementor-widget-button\" data-id=\"7313e48\" data-element_type=\"widget\" data-e-type=\"widget\" data-settings=\"{&quot;_animation&quot;:&quot;bounceIn&quot;}\" data-widget_type=\"button.default\">\n\t\t\t\t<div class=\"elementor-widget-container\">\n\t\t\t\t\t\t\t\t\t<div class=\"elementor-button-wrapper\">\n\t\t\t\t\t<a class=\"elementor-button elementor-button-link elementor-size-xs\" href=\"https:\/\/fundoprimatera.org.br\/site\/#participe\">\n\t\t\t\t\t\t<span class=\"elementor-button-content-wrapper\">\n\t\t\t\t\t\t<span class=\"elementor-button-icon\">\n\t\t\t\t<i aria-hidden=\"true\" class=\"fas fa-long-arrow-alt-right\"><\/i>\t\t\t<\/span>\n\t\t\t\t\t\t\t\t\t<span class=\"elementor-button-text\">Contribuir Agora<\/span>\n\t\t\t\t\t<\/span>\n\t\t\t\t\t<\/a>\n\t\t\t\t<\/div>\n\t\t\t\t\t\t\t\t<\/div>\n\t\t\t\t<\/div>\n\t\t\t\t\t<\/div>\n\t\t<\/div>\n\t\t\t\t\t<\/div>\n\t\t<\/section>\n\t\t\t\t\t<\/div>\n\t\t<\/div>\n\t\t\t\t\t<\/div>\n\t\t<\/section>\n\t\t\t\t<section class=\"elementor-section elementor-top-section elementor-element elementor-element-c16da26 elementor-section-boxed elementor-section-height-default elementor-section-height-default\" data-id=\"c16da26\" data-element_type=\"section\" data-e-type=\"section\">\n\t\t\t\t\t\t<div class=\"elementor-container elementor-column-gap-default\">\n\t\t\t\t\t<div class=\"elementor-column elementor-col-100 elementor-top-column elementor-element elementor-element-4746ef3\" data-id=\"4746ef3\" data-element_type=\"column\" data-e-type=\"column\">\n\t\t\t<div class=\"elementor-widget-wrap elementor-element-populated\">\n\t\t\t\t\t\t<div class=\"elementor-element elementor-element-169ff32 elementor-widget elementor-widget-heading\" data-id=\"169ff32\" data-element_type=\"widget\" data-e-type=\"widget\" data-widget_type=\"heading.default\">\n\t\t\t\t<div class=\"elementor-widget-container\">\n\t\t\t\t\t<h2 class=\"elementor-heading-title elementor-size-default\"> Colaboradores<\/h2>\t\t\t\t<\/div>\n\t\t\t\t<\/div>\n\t\t\t\t<div class=\"elementor-element elementor-element-3555ff3 elementor-widget-divider--view-line elementor-widget elementor-widget-divider\" data-id=\"3555ff3\" data-element_type=\"widget\" data-e-type=\"widget\" data-widget_type=\"divider.default\">\n\t\t\t\t<div class=\"elementor-widget-container\">\n\t\t\t\t\t\t\t<div class=\"elementor-divider\">\n\t\t\t<span class=\"elementor-divider-separator\">\n\t\t\t\t\t\t<\/span>\n\t\t<\/div>\n\t\t\t\t\t\t<\/div>\n\t\t\t\t<\/div>\n\t\t\t\t<section class=\"elementor-section elementor-inner-section elementor-element elementor-element-cfde9e1 elementor-section-boxed elementor-section-height-default elementor-section-height-default\" data-id=\"cfde9e1\" data-element_type=\"section\" data-e-type=\"section\">\n\t\t\t\t\t\t<div class=\"elementor-container elementor-column-gap-default\">\n\t\t\t\t\t<div class=\"elementor-column elementor-col-100 elementor-inner-column elementor-element elementor-element-9aa16e9\" data-id=\"9aa16e9\" data-element_type=\"column\" data-e-type=\"column\">\n\t\t\t<div class=\"elementor-widget-wrap elementor-element-populated\">\n\t\t\t\t\t\t<div class=\"elementor-element elementor-element-c0db2c9 elementor-widget elementor-widget-heading\" data-id=\"c0db2c9\" data-element_type=\"widget\" data-e-type=\"widget\" data-widget_type=\"heading.default\">\n\t\t\t\t<div class=\"elementor-widget-container\">\n\t\t\t\t\t<h4 class=\"elementor-heading-title elementor-size-default\">Colaboradores Safira<\/h4>\t\t\t\t<\/div>\n\t\t\t\t<\/div>\n\t\t\t\t<div class=\"elementor-element elementor-element-152c1c8 elementor-widget elementor-widget-text-editor\" data-id=\"152c1c8\" data-element_type=\"widget\" data-e-type=\"widget\" data-widget_type=\"text-editor.default\">\n\t\t\t\t<div class=\"elementor-widget-container\">\n\t\t\t\t\t\t\t\t\t<div>Caio Eduardo Zanardo<\/div><div>Fernando Soares Ribeiro de Vasconcelos<\/div><div>Francides Gomes da Silva J\u00fanior<\/div><div>Hilton Thadeu Zarate do Couto<\/div><div>Jo\u00e3o Com\u00e9rio<\/div><div>Jos\u00e9 Ot\u00e1vio Brito<\/div><div>Julio Costa<br \/>Luiz Ernesto George Barrichelo<\/div><div>Pablo Cadaval Santos<br \/>Robinson Cannaval J\u00fanior<\/div><div>Tiago Edson Segura Simkunas<\/div>\t\t\t\t\t\t\t\t<\/div>\n\t\t\t\t<\/div>\n\t\t\t\t\t<\/div>\n\t\t<\/div>\n\t\t\t\t\t<\/div>\n\t\t<\/section>\n\t\t\t\t<section class=\"elementor-section elementor-inner-section elementor-element elementor-element-198f9c6 elementor-section-boxed elementor-section-height-default elementor-section-height-default\" data-id=\"198f9c6\" data-element_type=\"section\" data-e-type=\"section\">\n\t\t\t\t\t\t<div class=\"elementor-container elementor-column-gap-default\">\n\t\t\t\t\t<div class=\"elementor-column elementor-col-100 elementor-inner-column elementor-element elementor-element-c58d16e\" data-id=\"c58d16e\" data-element_type=\"column\" data-e-type=\"column\">\n\t\t\t<div class=\"elementor-widget-wrap elementor-element-populated\">\n\t\t\t\t\t\t<div class=\"elementor-element elementor-element-069825b elementor-widget elementor-widget-heading\" data-id=\"069825b\" data-element_type=\"widget\" data-e-type=\"widget\" data-widget_type=\"heading.default\">\n\t\t\t\t<div class=\"elementor-widget-container\">\n\t\t\t\t\t<h4 class=\"elementor-heading-title elementor-size-default\">Colaboradores \u00c1gata<\/h4>\t\t\t\t<\/div>\n\t\t\t\t<\/div>\n\t\t\t\t<div class=\"elementor-element elementor-element-c7c7c60 elementor-widget elementor-widget-text-editor\" data-id=\"c7c7c60\" data-element_type=\"widget\" data-e-type=\"widget\" data-widget_type=\"text-editor.default\">\n\t\t\t\t<div class=\"elementor-widget-container\">\n\t\t\t\t\t\t\t\t\t<p>Marina Ulian Coelho<br \/>Marina Zan\u00e3o<br \/>Glauco Joubert Stape<br \/>Lucas Kelvin Soares<\/p>\t\t\t\t\t\t\t\t<\/div>\n\t\t\t\t<\/div>\n\t\t\t\t\t<\/div>\n\t\t<\/div>\n\t\t\t\t\t<\/div>\n\t\t<\/section>\n\t\t\t\t<section class=\"elementor-section elementor-inner-section elementor-element elementor-element-f93be67 elementor-section-boxed elementor-section-height-default elementor-section-height-default\" data-id=\"f93be67\" data-element_type=\"section\" data-e-type=\"section\">\n\t\t\t\t\t\t<div class=\"elementor-container elementor-column-gap-default\">\n\t\t\t\t\t<div class=\"elementor-column elementor-col-100 elementor-inner-column elementor-element elementor-element-0ca31f5\" data-id=\"0ca31f5\" data-element_type=\"column\" data-e-type=\"column\">\n\t\t\t<div class=\"elementor-widget-wrap elementor-element-populated\">\n\t\t\t\t\t\t<div class=\"elementor-element elementor-element-dea3fa5 elementor-widget elementor-widget-heading\" data-id=\"dea3fa5\" data-element_type=\"widget\" data-e-type=\"widget\" data-widget_type=\"heading.default\">\n\t\t\t\t<div class=\"elementor-widget-container\">\n\t\t\t\t\t<h4 class=\"elementor-heading-title elementor-size-default\">Colaboradores Quartzo<\/h4>\t\t\t\t<\/div>\n\t\t\t\t<\/div>\n\t\t\t\t<div class=\"elementor-element elementor-element-045ac3a elementor-widget elementor-widget-text-editor\" data-id=\"045ac3a\" data-element_type=\"widget\" data-e-type=\"widget\" data-widget_type=\"text-editor.default\">\n\t\t\t\t<div class=\"elementor-widget-container\">\n\t\t\t\t\t\t\t\t\t<div>Andreza Rafaella Carneiro da Silva dos Santos<\/div><div>Jefferson Lordelo Polizel<\/div><div>Marcela Cardoso Sbri\u00e7a<\/div><div>Marina Ulian Coelho<\/div><div>Matheus Perissinotto Messas Valerio<\/div><div>Regina Maria Gomes<\/div>\t\t\t\t\t\t\t\t<\/div>\n\t\t\t\t<\/div>\n\t\t\t\t\t<\/div>\n\t\t<\/div>\n\t\t\t\t\t<\/div>\n\t\t<\/section>\n\t\t\t\t<section class=\"elementor-section elementor-inner-section elementor-element elementor-element-2b43af0 elementor-section-boxed elementor-section-height-default elementor-section-height-default\" data-id=\"2b43af0\" data-element_type=\"section\" data-e-type=\"section\">\n\t\t\t\t\t\t<div class=\"elementor-container elementor-column-gap-default\">\n\t\t\t\t\t<div class=\"elementor-column elementor-col-100 elementor-inner-column elementor-element elementor-element-4c05f61\" data-id=\"4c05f61\" data-element_type=\"column\" data-e-type=\"column\">\n\t\t\t<div class=\"elementor-widget-wrap elementor-element-populated\">\n\t\t\t\t\t\t<div class=\"elementor-element elementor-element-cf82d15 elementor-widget elementor-widget-heading\" data-id=\"cf82d15\" data-element_type=\"widget\" data-e-type=\"widget\" data-widget_type=\"heading.default\">\n\t\t\t\t<div class=\"elementor-widget-container\">\n\t\t\t\t\t<h4 class=\"elementor-heading-title elementor-size-default\">Colaboradores Institucionais<\/h4>\t\t\t\t<\/div>\n\t\t\t\t<\/div>\n\t\t\t\t<div class=\"elementor-element elementor-element-a387c84 elementor-widget elementor-widget-text-editor\" data-id=\"a387c84\" data-element_type=\"widget\" data-e-type=\"widget\" data-widget_type=\"text-editor.default\">\n\t\t\t\t<div class=\"elementor-widget-container\">\n\t\t\t\t\t\t\t\t\t<div>Klabin S.A.<\/div><div>Laborat\u00f3rio de Qu\u00edmica, Celulose e Energia<\/div><p>Suzano S.A.<br \/>Grupo Innovatech<\/p>\t\t\t\t\t\t\t\t<\/div>\n\t\t\t\t<\/div>\n\t\t\t\t\t<\/div>\n\t\t<\/div>\n\t\t\t\t\t<\/div>\n\t\t<\/section>\n\t\t\t\t\t<\/div>\n\t\t<\/div>\n\t\t\t\t\t<\/div>\n\t\t<\/section>\n\t\t\t\t<\/div>\n\t\t","protected":false},"excerpt":{"rendered":"<p>meta para 2026 R$ 100.000 Arrecadado R$65.732,57 65.73% Contribuir Agora Colaboradores Colaboradores Safira Caio Eduardo ZanardoFernando Soares Ribeiro de VasconcelosFrancides Gomes da Silva J\u00faniorHilton Thadeu Zarate do CoutoJo\u00e3o Com\u00e9rioJos\u00e9 Ot\u00e1vio BritoJulio CostaLuiz Ernesto George BarricheloPablo Cadaval SantosRobinson Cannaval J\u00faniorTiago Edson Segura Simkunas Colaboradores \u00c1gata Marina Ulian CoelhoMarina Zan\u00e3oGlauco Joubert StapeLucas Kelvin Soares Colaboradores Quartzo Andreza [&hellip;]<\/p>\n","protected":false},"author":1,"featured_media":0,"parent":0,"menu_order":0,"comment_status":"closed","ping_status":"closed","template":"page-elementor.php","meta":{"footnotes":""},"class_list":["post-1582","page","type-page","status-publish","hentry"],"yoast_head":"<!-- This site is optimized with the Yoast SEO plugin v27.4 - https:\/\/yoast.com\/product\/yoast-seo-wordpress\/ -->\n<title>Transpar\u00eancia - Primatera Fundo Patrimonial<\/title>\n<meta name=\"robots\" content=\"index, follow, max-snippet:-1, max-image-preview:large, max-video-preview:-1\" \/>\n<link rel=\"canonical\" href=\"https:\/\/fundoprimatera.org.br\/site\/transparencia\/\" \/>\n<meta property=\"og:locale\" content=\"pt_BR\" \/>\n<meta property=\"og:type\" content=\"article\" \/>\n<meta property=\"og:title\" content=\"Transpar\u00eancia - Primatera Fundo Patrimonial\" \/>\n<meta property=\"og:description\" content=\"meta para 2026 R$ 100.000 Arrecadado R$65.732,57 65.73% Contribuir Agora Colaboradores Colaboradores Safira Caio Eduardo ZanardoFernando Soares Ribeiro de VasconcelosFrancides Gomes da Silva J\u00faniorHilton Thadeu Zarate do CoutoJo\u00e3o Com\u00e9rioJos\u00e9 Ot\u00e1vio BritoJulio CostaLuiz Ernesto George BarricheloPablo Cadaval SantosRobinson Cannaval J\u00faniorTiago Edson Segura Simkunas Colaboradores \u00c1gata Marina Ulian CoelhoMarina Zan\u00e3oGlauco Joubert StapeLucas Kelvin Soares Colaboradores Quartzo Andreza [&hellip;]\" \/>\n<meta property=\"og:url\" content=\"https:\/\/fundoprimatera.org.br\/site\/transparencia\/\" \/>\n<meta property=\"og:site_name\" content=\"Primatera Fundo Patrimonial\" \/>\n<meta property=\"article:modified_time\" content=\"2026-02-16T18:59:00+00:00\" \/>\n<meta name=\"twitter:card\" content=\"summary_large_image\" \/>\n<meta name=\"twitter:label1\" content=\"Est. tempo de leitura\" \/>\n\t<meta name=\"twitter:data1\" content=\"1 minuto\" \/>\n<script type=\"application\/ld+json\" class=\"yoast-schema-graph\">{\"@context\":\"https:\\\/\\\/schema.org\",\"@graph\":[{\"@type\":\"WebPage\",\"@id\":\"https:\\\/\\\/fundoprimatera.org.br\\\/site\\\/transparencia\\\/\",\"url\":\"https:\\\/\\\/fundoprimatera.org.br\\\/site\\\/transparencia\\\/\",\"name\":\"Transpar\u00eancia - Primatera Fundo Patrimonial\",\"isPartOf\":{\"@id\":\"https:\\\/\\\/fundoprimatera.org.br\\\/site\\\/#website\"},\"datePublished\":\"2019-05-09T11:18:46+00:00\",\"dateModified\":\"2026-02-16T18:59:00+00:00\",\"breadcrumb\":{\"@id\":\"https:\\\/\\\/fundoprimatera.org.br\\\/site\\\/transparencia\\\/#breadcrumb\"},\"inLanguage\":\"pt-BR\",\"potentialAction\":[{\"@type\":\"ReadAction\",\"target\":[\"https:\\\/\\\/fundoprimatera.org.br\\\/site\\\/transparencia\\\/\"]}]},{\"@type\":\"BreadcrumbList\",\"@id\":\"https:\\\/\\\/fundoprimatera.org.br\\\/site\\\/transparencia\\\/#breadcrumb\",\"itemListElement\":[{\"@type\":\"ListItem\",\"position\":1,\"name\":\"In\u00edcio\",\"item\":\"https:\\\/\\\/fundoprimatera.org.br\\\/site\\\/\"},{\"@type\":\"ListItem\",\"position\":2,\"name\":\"Transpar\u00eancia\"}]},{\"@type\":\"WebSite\",\"@id\":\"https:\\\/\\\/fundoprimatera.org.br\\\/site\\\/#website\",\"url\":\"https:\\\/\\\/fundoprimatera.org.br\\\/site\\\/\",\"name\":\"Primatera Fundo Patrimonial\",\"description\":\"Primatera Fundo Patrimonial\",\"potentialAction\":[{\"@type\":\"SearchAction\",\"target\":{\"@type\":\"EntryPoint\",\"urlTemplate\":\"https:\\\/\\\/fundoprimatera.org.br\\\/site\\\/?s={search_term_string}\"},\"query-input\":{\"@type\":\"PropertyValueSpecification\",\"valueRequired\":true,\"valueName\":\"search_term_string\"}}],\"inLanguage\":\"pt-BR\"}]}<\/script>\n<!-- \/ Yoast SEO plugin. -->","yoast_head_json":{"title":"Transpar\u00eancia - Primatera Fundo Patrimonial","robots":{"index":"index","follow":"follow","max-snippet":"max-snippet:-1","max-image-preview":"max-image-preview:large","max-video-preview":"max-video-preview:-1"},"canonical":"https:\/\/fundoprimatera.org.br\/site\/transparencia\/","og_locale":"pt_BR","og_type":"article","og_title":"Transpar\u00eancia - Primatera Fundo Patrimonial","og_description":"meta para 2026 R$ 100.000 Arrecadado R$65.732,57 65.73% Contribuir Agora Colaboradores Colaboradores Safira Caio Eduardo ZanardoFernando Soares Ribeiro de VasconcelosFrancides Gomes da Silva J\u00faniorHilton Thadeu Zarate do CoutoJo\u00e3o Com\u00e9rioJos\u00e9 Ot\u00e1vio BritoJulio CostaLuiz Ernesto George BarricheloPablo Cadaval SantosRobinson Cannaval J\u00faniorTiago Edson Segura Simkunas Colaboradores \u00c1gata Marina Ulian CoelhoMarina Zan\u00e3oGlauco Joubert StapeLucas Kelvin Soares Colaboradores Quartzo Andreza [&hellip;]","og_url":"https:\/\/fundoprimatera.org.br\/site\/transparencia\/","og_site_name":"Primatera Fundo Patrimonial","article_modified_time":"2026-02-16T18:59:00+00:00","twitter_card":"summary_large_image","twitter_misc":{"Est. tempo de leitura":"1 minuto"},"schema":{"@context":"https:\/\/schema.org","@graph":[{"@type":"WebPage","@id":"https:\/\/fundoprimatera.org.br\/site\/transparencia\/","url":"https:\/\/fundoprimatera.org.br\/site\/transparencia\/","name":"Transpar\u00eancia - Primatera Fundo Patrimonial","isPartOf":{"@id":"https:\/\/fundoprimatera.org.br\/site\/#website"},"datePublished":"2019-05-09T11:18:46+00:00","dateModified":"2026-02-16T18:59:00+00:00","breadcrumb":{"@id":"https:\/\/fundoprimatera.org.br\/site\/transparencia\/#breadcrumb"},"inLanguage":"pt-BR","potentialAction":[{"@type":"ReadAction","target":["https:\/\/fundoprimatera.org.br\/site\/transparencia\/"]}]},{"@type":"BreadcrumbList","@id":"https:\/\/fundoprimatera.org.br\/site\/transparencia\/#breadcrumb","itemListElement":[{"@type":"ListItem","position":1,"name":"In\u00edcio","item":"https:\/\/fundoprimatera.org.br\/site\/"},{"@type":"ListItem","position":2,"name":"Transpar\u00eancia"}]},{"@type":"WebSite","@id":"https:\/\/fundoprimatera.org.br\/site\/#website","url":"https:\/\/fundoprimatera.org.br\/site\/","name":"Primatera Fundo Patrimonial","description":"Primatera Fundo Patrimonial","potentialAction":[{"@type":"SearchAction","target":{"@type":"EntryPoint","urlTemplate":"https:\/\/fundoprimatera.org.br\/site\/?s={search_term_string}"},"query-input":{"@type":"PropertyValueSpecification","valueRequired":true,"valueName":"search_term_string"}}],"inLanguage":"pt-BR"}]}},"_links":{"self":[{"href":"https:\/\/fundoprimatera.org.br\/site\/wp-json\/wp\/v2\/pages\/1582","targetHints":{"allow":["GET"]}}],"collection":[{"href":"https:\/\/fundoprimatera.org.br\/site\/wp-json\/wp\/v2\/pages"}],"about":[{"href":"https:\/\/fundoprimatera.org.br\/site\/wp-json\/wp\/v2\/types\/page"}],"author":[{"embeddable":true,"href":"https:\/\/fundoprimatera.org.br\/site\/wp-json\/wp\/v2\/users\/1"}],"replies":[{"embeddable":true,"href":"https:\/\/fundoprimatera.org.br\/site\/wp-json\/wp\/v2\/comments?post=1582"}],"version-history":[{"count":64,"href":"https:\/\/fundoprimatera.org.br\/site\/wp-json\/wp\/v2\/pages\/1582\/revisions"}],"predecessor-version":[{"id":2336,"href":"https:\/\/fundoprimatera.org.br\/site\/wp-json\/wp\/v2\/pages\/1582\/revisions\/2336"}],"wp:attachment":[{"href":"https:\/\/fundoprimatera.org.br\/site\/wp-json\/wp\/v2\/media?parent=1582"}],"curies":[{"name":"wp","href":"https:\/\/api.w.org\/{rel}","templated":true}]}}